{"id":2434,"date":"2026-01-10T21:33:58","date_gmt":"2026-01-10T21:33:58","guid":{"rendered":"https:\/\/atelierlabruyere.com\/index\/?page_id=2434"},"modified":"2026-01-14T13:52:00","modified_gmt":"2026-01-14T13:52:00","slug":"nos-prestations","status":"publish","type":"page","link":"https:\/\/atelierlabruyere.com\/index\/nos-prestations","title":{"rendered":"Nos prestations"},"content":{"rendered":"\n<div class=\"wp-block-group alignfull has-accent-2-background-color has-background is-layout-flow wp-block-group-is-layout-flow\" style=\"padding-top:6vw;padding-right:6vw;padding-bottom:6vw;padding-left:6vw\">\n<div class=\"wp-block-group is-vertical is-nowrap is-layout-flex wp-container-core-group-is-layout-36fd9ea3 wp-block-group-is-layout-flex\" style=\"padding-right:0;padding-left:0\">\n<h6 class=\"wp-block-heading has-text-color\" id=\"ecosystem\" style=\"color:#000000;font-size:clamp(0.929rem, 0.929rem + ((1vw - 0.2rem) * 0.785), 1.4rem);\">Voici comment se d\u00e9roulent nos prestations dans la majorit\u00e9 des cas. Bien s\u00fbr, chaque projet est d\u00e9velopp\u00e9 sur mesure avec notre client et il est parfaitement possible d\u2019ajouter ou de soustraire des prestations.<\/h6>\n<\/div>\n\n\n\n<div style=\"height:1vw\" aria-hidden=\"true\" class=\"wp-block-spacer\"><\/div>\n\n\n\n<div class=\"wp-block-group alignwide is-vertical is-nowrap is-layout-flex wp-container-core-group-is-layout-7946b6b8 wp-block-group-is-layout-flex\" style=\"padding-top:0;padding-right:0;padding-bottom:0;padding-left:0\">\n<div class=\"wp-block-columns alignwide is-layout-flex wp-container-core-columns-is-layout-2f2e8fbb wp-block-columns-is-layout-flex\" style=\"padding-top:0;padding-right:0;padding-bottom:0;padding-left:0\">\n<div class=\"wp-block-column is-vertically-aligned-center is-layout-flow wp-block-column-is-layout-flow\" style=\"flex-basis:50%\">\n<p class=\"has-text-color\" style=\"color:#000000;font-size:clamp(15.747px, 0.984rem + ((1vw - 3.2px) * 0.86), 24px);font-style:normal;font-weight:700;text-transform:uppercase\">Premi\u00e8re \u00e9tape&nbsp;: Rendez-vous client<\/p>\n\n\n\n<p>Cette \u00e9tape est l\u2019une si ce n\u2019est la plus importante de votre projet.<br>Vous avez choisit l\u2019Atelier Labruy\u00e8re pour conceptualiser et r\u00e9aliser vos futurs lieux de vie et nous vous remercions pour la confiance que vous nous t\u00e9moigniez. Nous allons planifier un premier rendez-vous dans notre atelier ou chez vous (selon votre convenance) et vous allez nous exposer en d\u00e9tails vos besoins, vos souhaits et les \u00e9tapes sur lesquelles vous souhaitez que nous vous accompagnions.<\/p>\n\n\n\n<p>Voici une liste non-exhaustive des diff\u00e9rentes prestations que nous pouvons vous proposer&nbsp;:<br>\u2022 Construction<br>\u2022 Restructuration des espaces int\u00e9rieurs<br>\u2022 Agrandissement, sur\u00e9l\u00e9vation<br>\u2022 Agencement int\u00e9rieur<br>\u2022 D\u00e9coration, ameublement, luminaire<br>\u2022 Projet paysag\u00e9<br>\u2022 Am\u00e9nagement ext\u00e9rieur<\/p>\n\n\n\n<p class=\"has-text-color\" style=\"color:#000000;font-size:clamp(14px, 0.875rem + ((1vw - 3.2px) * 0.313), 17px);\">Ce premier rendez-vous permettra d\u2019\u00e9tablir un cahier des charges d\u00e9taill\u00e9 de votre projet.<\/p>\n<\/div>\n\n\n\n<div class=\"wp-block-column is-vertically-aligned-center is-layout-flow wp-block-column-is-layout-flow\" style=\"flex-basis:50%\">\n<div class=\"wp-block-columns is-layout-flex wp-container-core-columns-is-layout-28f84493 wp-block-columns-is-layout-flex\">\n<div class=\"wp-block-column is-layout-flow wp-block-column-is-layout-flow\" style=\"flex-basis:100%\">\n<figure class=\"wp-block-image alignright size-large wp-duotone-unset-1\"><img fetchpriority=\"high\" decoding=\"async\" width=\"1919\" height=\"2560\" src=\"https:\/\/atelierlabruyere.com\/wp-content\/uploads\/2026\/01\/20_02-edited-scaled.jpg\" alt=\"\" class=\"wp-image-2489\" srcset=\"https:\/\/atelierlabruyere.com\/wp-content\/uploads\/2026\/01\/20_02-edited-scaled.jpg 1919w, https:\/\/atelierlabruyere.com\/wp-content\/uploads\/2026\/01\/20_02-edited-225x300.jpg 225w, https:\/\/atelierlabruyere.com\/wp-content\/uploads\/2026\/01\/20_02-edited-768x1024.jpg 768w, https:\/\/atelierlabruyere.com\/wp-content\/uploads\/2026\/01\/20_02-edited-1151x1536.jpg 1151w, https:\/\/atelierlabruyere.com\/wp-content\/uploads\/2026\/01\/20_02-edited-1535x2048.jpg 1535w, https:\/\/atelierlabruyere.com\/wp-content\/uploads\/2026\/01\/20_02-edited-500x667.jpg 500w, https:\/\/atelierlabruyere.com\/wp-content\/uploads\/2026\/01\/20_02-edited-800x1067.jpg 800w, https:\/\/atelierlabruyere.com\/wp-content\/uploads\/2026\/01\/20_02-edited-1280x1707.jpg 1280w, https:\/\/atelierlabruyere.com\/wp-content\/uploads\/2026\/01\/20_02-edited-1920x2561.jpg 1920w\" sizes=\"(max-width: 1919px) 100vw, 1919px\" \/><\/figure>\n<\/div>\n<\/div>\n<\/div>\n<\/div>\n\n\n\n<div class=\"wp-block-columns alignwide is-layout-flex wp-container-core-columns-is-layout-c24efe4f wp-block-columns-is-layout-flex\">\n<div class=\"wp-block-column is-layout-flow wp-block-column-is-layout-flow\" style=\"flex-basis:50%\">\n<figure class=\"wp-block-image size-large\"><img decoding=\"async\" width=\"683\" height=\"1024\" src=\"https:\/\/atelierlabruyere.com\/wp-content\/uploads\/2023\/11\/20_01-copie-683x1024.jpg\" alt=\"\" class=\"wp-image-2328\" srcset=\"https:\/\/atelierlabruyere.com\/wp-content\/uploads\/2023\/11\/20_01-copie-683x1024.jpg 683w, https:\/\/atelierlabruyere.com\/wp-content\/uploads\/2023\/11\/20_01-copie-200x300.jpg 200w, https:\/\/atelierlabruyere.com\/wp-content\/uploads\/2023\/11\/20_01-copie-768x1152.jpg 768w, https:\/\/atelierlabruyere.com\/wp-content\/uploads\/2023\/11\/20_01-copie-1024x1536.jpg 1024w, https:\/\/atelierlabruyere.com\/wp-content\/uploads\/2023\/11\/20_01-copie-1365x2048.jpg 1365w, https:\/\/atelierlabruyere.com\/wp-content\/uploads\/2023\/11\/20_01-copie-500x750.jpg 500w, https:\/\/atelierlabruyere.com\/wp-content\/uploads\/2023\/11\/20_01-copie-800x1200.jpg 800w, https:\/\/atelierlabruyere.com\/wp-content\/uploads\/2023\/11\/20_01-copie-1280x1920.jpg 1280w, https:\/\/atelierlabruyere.com\/wp-content\/uploads\/2023\/11\/20_01-copie-1920x2880.jpg 1920w, https:\/\/atelierlabruyere.com\/wp-content\/uploads\/2023\/11\/20_01-copie-scaled.jpg 1707w\" sizes=\"(max-width: 683px) 100vw, 683px\" \/><\/figure>\n<\/div>\n\n\n\n<div class=\"wp-block-column is-vertically-aligned-center is-layout-flow wp-block-column-is-layout-flow\" style=\"flex-basis:50%\">\n<div style=\"height:2vw\" aria-hidden=\"true\" class=\"wp-block-spacer\"><\/div>\n\n\n\n<p class=\"has-text-color\" style=\"color:#000000;font-size:clamp(15.747px, 0.984rem + ((1vw - 3.2px) * 0.86), 24px);font-style:normal;font-weight:700;text-transform:uppercase\">Deuxi\u00e8me \u00e9tape&nbsp;: Avant-projet sommaire<\/p>\n\n\n\n<p>Afin de concr\u00e9tiser le d\u00e9but de votre projet, nos \u00e9quipes vont se rendre sur place pour effectuer des relev\u00e9s pr\u00e9cis de vos surfaces et prendre des photos des espaces int\u00e9rieurs et ext\u00e9rieurs. Ces relev\u00e9s vont permettre de r\u00e9aliser les plans de votre bien et de commencer \u00e0 travailler sur le cahier des charges \u00e9tablit.<\/p>\n\n\n\n<p>A la fin de cette \u00e9tape, des plans projet\u00e9s, perspectives et esquisses vous seront pr\u00e9sent\u00e9s afin que vous puissiez avoir une premi\u00e8re id\u00e9e de ce que va donner votre projet. C\u2019est ce que nous appelons un Avant-Projet Sommaire (APS).<br>Nous allons retravailler ensemble sur ces diff\u00e9rents \u00e9l\u00e9ments afin d\u2019avancer vers un Avant-Projet D\u00e9finitif (APD).<\/p>\n\n\n\n<p>Lors de cette deuxi\u00e8me \u00e9tape nous sommes \u00e0 m\u00eame de vous pr\u00e9senter un premier budget estimatif.<\/p>\n\n\n\n<p class=\"has-text-color\" style=\"color:#000000;font-size:clamp(14px, 0.875rem + ((1vw - 3.2px) * 0.313), 17px);\">Si les diff\u00e9rents \u00e9l\u00e9ments pr\u00e9sent\u00e9s ciblent vos attentes, un contrat entre vous et l\u2019Atelier Labruy\u00e8re sera \u00e9tablit pour la r\u00e9alisation de votre projet.<\/p>\n<\/div>\n<\/div>\n<\/div>\n<\/div>\n\n\n\n<div class=\"wp-block-group alignfull is-vertical is-nowrap is-layout-flex wp-container-core-group-is-layout-bca266c5 wp-block-group-is-layout-flex\" style=\"margin-top:var(--wp--preset--spacing--30);margin-bottom:var(--wp--preset--spacing--30);padding-top:var(--wp--preset--spacing--40);padding-right:var(--wp--preset--spacing--50);padding-bottom:var(--wp--preset--spacing--40);padding-left:var(--wp--preset--spacing--50)\">\n<div class=\"wp-block-columns alignwide is-layout-flex wp-container-core-columns-is-layout-2f2e8fbb wp-block-columns-is-layout-flex\" style=\"padding-top:0;padding-right:0;padding-bottom:0;padding-left:0\">\n<div class=\"wp-block-column is-vertically-aligned-center is-layout-flow wp-block-column-is-layout-flow\" style=\"flex-basis:29.54%\">\n<p class=\"has-text-color\" style=\"color:#000000;font-size:clamp(15.747px, 0.984rem + ((1vw - 3.2px) * 0.86), 24px);font-style:normal;font-weight:700;text-transform:uppercase\">Troisi\u00e8me \u00e9tape&nbsp;: Avant-projet d\u00e9finitif<\/p>\n\n\n\n<p class=\"has-text-color\" style=\"color:#000000;font-size:clamp(14px, 0.875rem + ((1vw - 3.2px) * 0.313), 17px);\">Sur la base de l\u2019APS et de nos conseils, vous avez peaufin\u00e9 votre projet selon vos d\u00e9sirs et vos attentes. Aujourd\u2019hui, nous vous pr\u00e9sentons des plans plus pr\u00e9cis, de nouvelles perspectives et des vues 3D. Votre projet se concr\u00e9tise et vous pouvez dores et d\u00e9j\u00e0 vous projeter dans vos futurs lieux de vie \u00e0 votre image.<\/p>\n<\/div>\n\n\n\n<div class=\"wp-block-column is-vertically-aligned-bottom is-layout-flow wp-block-column-is-layout-flow\" style=\"padding-top:var(--wp--preset--spacing--20);padding-bottom:var(--wp--preset--spacing--20);flex-basis:37.13%\">\n<figure class=\"wp-block-image size-large\" style=\"margin-right:var(--wp--preset--spacing--10);margin-left:var(--wp--preset--spacing--10)\"><img decoding=\"async\" width=\"682\" height=\"1024\" src=\"https:\/\/atelierlabruyere.com\/wp-content\/uploads\/2023\/11\/20_03-682x1024.jpg\" alt=\"\" class=\"wp-image-2326\" srcset=\"https:\/\/atelierlabruyere.com\/wp-content\/uploads\/2023\/11\/20_03-682x1024.jpg 682w, https:\/\/atelierlabruyere.com\/wp-content\/uploads\/2023\/11\/20_03-200x300.jpg 200w, https:\/\/atelierlabruyere.com\/wp-content\/uploads\/2023\/11\/20_03-768x1153.jpg 768w, https:\/\/atelierlabruyere.com\/wp-content\/uploads\/2023\/11\/20_03-1023x1536.jpg 1023w, https:\/\/atelierlabruyere.com\/wp-content\/uploads\/2023\/11\/20_03-1364x2048.jpg 1364w, https:\/\/atelierlabruyere.com\/wp-content\/uploads\/2023\/11\/20_03-500x751.jpg 500w, https:\/\/atelierlabruyere.com\/wp-content\/uploads\/2023\/11\/20_03-800x1201.jpg 800w, https:\/\/atelierlabruyere.com\/wp-content\/uploads\/2023\/11\/20_03-1280x1922.jpg 1280w, https:\/\/atelierlabruyere.com\/wp-content\/uploads\/2023\/11\/20_03-1920x2883.jpg 1920w, https:\/\/atelierlabruyere.com\/wp-content\/uploads\/2023\/11\/20_03-scaled.jpg 1705w\" sizes=\"(max-width: 682px) 100vw, 682px\" \/><\/figure>\n<\/div>\n\n\n\n<div class=\"wp-block-column is-layout-flow wp-block-column-is-layout-flow\" style=\"flex-basis:33.33%\">\n<figure class=\"wp-block-image size-large\" style=\"margin-right:var(--wp--preset--spacing--10);margin-left:var(--wp--preset--spacing--10)\"><img loading=\"lazy\" decoding=\"async\" width=\"683\" height=\"1024\" src=\"https:\/\/atelierlabruyere.com\/wp-content\/uploads\/2023\/11\/20_04-683x1024.jpg\" alt=\"\" class=\"wp-image-2325\" srcset=\"https:\/\/atelierlabruyere.com\/wp-content\/uploads\/2023\/11\/20_04-683x1024.jpg 683w, https:\/\/atelierlabruyere.com\/wp-content\/uploads\/2023\/11\/20_04-200x300.jpg 200w, https:\/\/atelierlabruyere.com\/wp-content\/uploads\/2023\/11\/20_04-768x1152.jpg 768w, https:\/\/atelierlabruyere.com\/wp-content\/uploads\/2023\/11\/20_04-1024x1536.jpg 1024w, https:\/\/atelierlabruyere.com\/wp-content\/uploads\/2023\/11\/20_04-1365x2048.jpg 1365w, https:\/\/atelierlabruyere.com\/wp-content\/uploads\/2023\/11\/20_04-500x750.jpg 500w, https:\/\/atelierlabruyere.com\/wp-content\/uploads\/2023\/11\/20_04-800x1200.jpg 800w, https:\/\/atelierlabruyere.com\/wp-content\/uploads\/2023\/11\/20_04-1280x1920.jpg 1280w, https:\/\/atelierlabruyere.com\/wp-content\/uploads\/2023\/11\/20_04-1920x2880.jpg 1920w, https:\/\/atelierlabruyere.com\/wp-content\/uploads\/2023\/11\/20_04-scaled.jpg 1707w\" sizes=\"(max-width: 683px) 100vw, 683px\" \/><\/figure>\n<\/div>\n<\/div>\n\n\n\n<div class=\"wp-block-columns alignwide is-layout-flex wp-container-core-columns-is-layout-c24efe4f wp-block-columns-is-layout-flex\">\n<div class=\"wp-block-column is-layout-flow wp-block-column-is-layout-flow\" style=\"flex-basis:50%\">\n<figure class=\"wp-block-image size-large\"><img loading=\"lazy\" decoding=\"async\" width=\"1024\" height=\"768\" src=\"https:\/\/atelierlabruyere.com\/wp-content\/uploads\/2023\/11\/IMG_8714-1024x768.jpeg\" alt=\"\" class=\"wp-image-2265\" srcset=\"https:\/\/atelierlabruyere.com\/wp-content\/uploads\/2023\/11\/IMG_8714-1024x768.jpeg 1024w, https:\/\/atelierlabruyere.com\/wp-content\/uploads\/2023\/11\/IMG_8714-300x225.jpeg 300w, https:\/\/atelierlabruyere.com\/wp-content\/uploads\/2023\/11\/IMG_8714-768x576.jpeg 768w, https:\/\/atelierlabruyere.com\/wp-content\/uploads\/2023\/11\/IMG_8714-1536x1152.jpeg 1536w, https:\/\/atelierlabruyere.com\/wp-content\/uploads\/2023\/11\/IMG_8714-2048x1536.jpeg 2048w, https:\/\/atelierlabruyere.com\/wp-content\/uploads\/2023\/11\/IMG_8714-500x375.jpeg 500w, https:\/\/atelierlabruyere.com\/wp-content\/uploads\/2023\/11\/IMG_8714-800x600.jpeg 800w, https:\/\/atelierlabruyere.com\/wp-content\/uploads\/2023\/11\/IMG_8714-1280x960.jpeg 1280w, https:\/\/atelierlabruyere.com\/wp-content\/uploads\/2023\/11\/IMG_8714-1920x1440.jpeg 1920w\" sizes=\"(max-width: 1024px) 100vw, 1024px\" \/><\/figure>\n<\/div>\n\n\n\n<div class=\"wp-block-column is-vertically-aligned-center is-layout-flow wp-block-column-is-layout-flow\" style=\"flex-basis:50%\">\n<div style=\"height:2vw\" aria-hidden=\"true\" class=\"wp-block-spacer\"><\/div>\n\n\n\n<p class=\"has-text-color\" style=\"color:#000000;font-size:clamp(15.747px, 0.984rem + ((1vw - 3.2px) * 0.86), 24px);font-style:normal;font-weight:700;text-transform:uppercase\">Quatri\u00e8me \u00e9tape&nbsp;: D\u00e9claration pr\u00e9alable et d\u00e9p\u00f4t de permis<\/p>\n\n\n\n<p>Lorsque vous souhait\u00e9 construire, agrandir ou modifier l\u2019apparence ext\u00e9rieur de votre bien il est n\u00e9cessaire de faire un d\u00e9p\u00f4t de permis aupr\u00e8s de votre mairie afin d\u2019obtenir leur accord. Pour ce faire, nous leur d\u00e9posons un dossier complet avec les plans et les travaux \u00e0 effectuer.<br>Le d\u00e9lai d\u2019instruction d\u2019un d\u00e9p\u00f4t de permis est en moyenne de deux mois et peut \u00eatre prolong\u00e9 d\u2019un mois voir plus pour certains secteurs. Il peut donc \u00eatre judicieux d\u2019anticiper cette \u00e9tape pour ne pas retarder le lancement des travaux.<\/p>\n\n\n\n<p class=\"has-text-color\" style=\"color:#000000;font-size:clamp(14px, 0.875rem + ((1vw - 3.2px) * 0.313), 17px);\">Si l\u2019aspect ext\u00e9rieur de votre bien n\u2019est pas modifi\u00e9 ou si l\u2019agrandissement ne d\u00e9passe pas les 40 m2, une simple d\u00e9claration pr\u00e9alable devra \u00eatre faite avant de commencer les&nbsp;<\/p>\n<\/div>\n<\/div>\n<\/div>\n\n\n\n<div class=\"wp-block-group alignfull has-accent-2-background-color has-background is-vertical is-nowrap is-layout-flex wp-container-core-group-is-layout-1a2a301d wp-block-group-is-layout-flex\" style=\"margin-top:0;margin-bottom:0;padding-top:var(--wp--preset--spacing--40);padding-right:var(--wp--preset--spacing--50);padding-bottom:var(--wp--preset--spacing--40);padding-left:var(--wp--preset--spacing--50)\">\n<div class=\"wp-block-columns alignwide is-layout-flex wp-container-core-columns-is-layout-2f2e8fbb wp-block-columns-is-layout-flex\" style=\"padding-top:0;padding-right:0;padding-bottom:0;padding-left:0\">\n<div class=\"wp-block-column is-vertically-aligned-center is-layout-flow wp-block-column-is-layout-flow\" style=\"flex-basis:50%\">\n<p class=\"has-text-color\" style=\"color:#000000;font-size:clamp(15.747px, 0.984rem + ((1vw - 3.2px) * 0.86), 24px);font-style:normal;font-weight:700;text-transform:uppercase\">Cinqui\u00e8me \u00e9tape&nbsp;: Dossier consultatif des entreprises<\/p>\n\n\n\n<p>Une fois l\u2019APD valid\u00e9 par vos soins et l\u2019accord de la mairie obtenu, un plan de chiffrage pour chaque corps de m\u00e9tier sera r\u00e9alis\u00e9 (\u00e9lectricien, plombier, parqueteur, peintre, ma\u00e7on, menuisier, etc).<br>L\u2019Atelier travaille avec des entreprises de confiance depuis de nombreuses ann\u00e9es, si toutefois vous souhaitez travailler avec d\u2019autres entreprises nous n\u2019y voyons aucun inconv\u00e9nient. Notre \u00e9quipe s\u2019occupe de tous les \u00e9changes avec les entreprises que ce soit pour des demandes de devis, factures, r\u00e8glements ou des demandes suppl\u00e9mentaires.<\/p>\n\n\n\n<p>En parall\u00e8le de la mise en place des travaux, nous pouvons commencer \u00e0 travailler sur l\u2019\u00e2me de votre bien qui sera r\u00e9v\u00e9l\u00e9e par les mat\u00e9riaux utilis\u00e9s, les ambiances lumineuses et la d\u00e9coration.<br>Pour cela nous vous pr\u00e9senterons plusieurs planches\/mood board&nbsp;selon vos go\u00fbts :<br>\u2022 Ambiances<br>\u2022 Couleurs<br>\u2022 Mati\u00e8res<br>\u2022 Luminaires<br>\u2022 Tapis\/rideaux\/tissus<\/p>\n\n\n\n<p class=\"has-text-color\" style=\"color:#000000;font-size:clamp(14px, 0.875rem + ((1vw - 3.2px) * 0.313), 17px);\">Nous pouvons \u00e9galement commencer \u00e0 choisir les sanitaires des salles d\u2019eau et l\u2019agencement de la cuisine.<\/p>\n<\/div>\n\n\n\n<div class=\"wp-block-column is-vertically-aligned-center is-layout-flow wp-block-column-is-layout-flow\" style=\"flex-basis:50%\">\n<div class=\"wp-block-columns is-layout-flex wp-container-core-columns-is-layout-28f84493 wp-block-columns-is-layout-flex\">\n<div class=\"wp-block-column is-layout-flow wp-block-column-is-layout-flow\" style=\"flex-basis:100%\">\n<figure class=\"wp-block-image alignright size-large\"><img loading=\"lazy\" decoding=\"async\" width=\"683\" height=\"1024\" src=\"https:\/\/atelierlabruyere.com\/wp-content\/uploads\/2023\/11\/01-copie-683x1024.jpeg\" alt=\"\" class=\"wp-image-2219\" srcset=\"https:\/\/atelierlabruyere.com\/wp-content\/uploads\/2023\/11\/01-copie-683x1024.jpeg 683w, https:\/\/atelierlabruyere.com\/wp-content\/uploads\/2023\/11\/01-copie-200x300.jpeg 200w, https:\/\/atelierlabruyere.com\/wp-content\/uploads\/2023\/11\/01-copie-768x1152.jpeg 768w, https:\/\/atelierlabruyere.com\/wp-content\/uploads\/2023\/11\/01-copie-1024x1536.jpeg 1024w, https:\/\/atelierlabruyere.com\/wp-content\/uploads\/2023\/11\/01-copie-1365x2048.jpeg 1365w, https:\/\/atelierlabruyere.com\/wp-content\/uploads\/2023\/11\/01-copie-500x750.jpeg 500w, https:\/\/atelierlabruyere.com\/wp-content\/uploads\/2023\/11\/01-copie-800x1200.jpeg 800w, https:\/\/atelierlabruyere.com\/wp-content\/uploads\/2023\/11\/01-copie-1280x1920.jpeg 1280w, https:\/\/atelierlabruyere.com\/wp-content\/uploads\/2023\/11\/01-copie-1920x2880.jpeg 1920w, https:\/\/atelierlabruyere.com\/wp-content\/uploads\/2023\/11\/01-copie-scaled.jpeg 1707w\" sizes=\"(max-width: 683px) 100vw, 683px\" \/><\/figure>\n<\/div>\n<\/div>\n<\/div>\n<\/div>\n\n\n\n<div class=\"wp-block-columns alignwide is-layout-flex wp-container-core-columns-is-layout-c24efe4f wp-block-columns-is-layout-flex\">\n<div class=\"wp-block-column is-layout-flow wp-block-column-is-layout-flow\" style=\"flex-basis:50%\">\n<figure class=\"wp-block-image size-large\"><img loading=\"lazy\" decoding=\"async\" width=\"683\" height=\"1024\" src=\"https:\/\/atelierlabruyere.com\/wp-content\/uploads\/2023\/11\/IMG_6007-683x1024.jpeg\" alt=\"\" class=\"wp-image-2221\" srcset=\"https:\/\/atelierlabruyere.com\/wp-content\/uploads\/2023\/11\/IMG_6007-683x1024.jpeg 683w, https:\/\/atelierlabruyere.com\/wp-content\/uploads\/2023\/11\/IMG_6007-200x300.jpeg 200w, https:\/\/atelierlabruyere.com\/wp-content\/uploads\/2023\/11\/IMG_6007-768x1152.jpeg 768w, https:\/\/atelierlabruyere.com\/wp-content\/uploads\/2023\/11\/IMG_6007-1024x1536.jpeg 1024w, https:\/\/atelierlabruyere.com\/wp-content\/uploads\/2023\/11\/IMG_6007-1365x2048.jpeg 1365w, https:\/\/atelierlabruyere.com\/wp-content\/uploads\/2023\/11\/IMG_6007-500x750.jpeg 500w, https:\/\/atelierlabruyere.com\/wp-content\/uploads\/2023\/11\/IMG_6007-800x1200.jpeg 800w, https:\/\/atelierlabruyere.com\/wp-content\/uploads\/2023\/11\/IMG_6007-1280x1920.jpeg 1280w, https:\/\/atelierlabruyere.com\/wp-content\/uploads\/2023\/11\/IMG_6007-1920x2880.jpeg 1920w, https:\/\/atelierlabruyere.com\/wp-content\/uploads\/2023\/11\/IMG_6007-scaled.jpeg 1707w\" sizes=\"(max-width: 683px) 100vw, 683px\" \/><\/figure>\n<\/div>\n\n\n\n<div class=\"wp-block-column is-vertically-aligned-center is-layout-flow wp-block-column-is-layout-flow\" style=\"flex-basis:50%\">\n<div style=\"height:2vw\" aria-hidden=\"true\" class=\"wp-block-spacer\"><\/div>\n\n\n\n<p class=\"has-text-color\" style=\"color:#000000;font-size:clamp(15.747px, 0.984rem + ((1vw - 3.2px) * 0.86), 24px);font-style:normal;font-weight:700;text-transform:uppercase\">Sixi\u00e8me \u00e9tape&nbsp;: Lancement du chantier<\/p>\n\n\n\n<p>Apr\u00e8s une \u00e9tude minutieuse des diff\u00e9rents devis propos\u00e9s par les entreprises, nous s\u00e9lectionnerons les offres les plus int\u00e9ressantes. Les devis seront alors sign\u00e9s et un premier versement devra \u00eatre effectu\u00e9.<br>L\u2019Atelier \u00e9tablira un planning de chantier pour que chaque corps de m\u00e9tier puisse intervenir au moment opportun et qu\u2019il n\u2019y ait pas de perte de temps.<\/p>\n\n\n\n<p class=\"has-text-color\" style=\"color:#000000;font-size:clamp(14px, 0.875rem + ((1vw - 3.2px) * 0.313), 17px);\">Nous veillerons au respect de l\u2019avanc\u00e9e du chantier et du cahier des charges. Chaque semaine sera planifi\u00e9e une r\u00e9union de chantier \u00e0 laquelle nous participerons. Bien s\u00fbr vous pouvez \u00e9galement y participer ou nous d\u00e9l\u00e9guer enti\u00e8rement le suivi.<br>Quand le projet touche \u00e0 sa fin, nous renfor\u00e7ons notre pr\u00e9sence sur le chantier pour vous permettre d\u2019investir vos lieux le plus rapidement possible.<\/p>\n<\/div>\n<\/div>\n<\/div>\n\n\n\n<div class=\"wp-block-group alignfull has-accent-background-color has-background has-global-padding is-layout-constrained wp-container-core-group-is-layout-669513ed wp-block-group-is-layout-constrained\" style=\"margin-top:0;margin-bottom:0;padding-top:var(--wp--preset--spacing--50);padding-right:var(--wp--preset--spacing--50);padding-bottom:var(--wp--preset--spacing--50);padding-left:var(--wp--preset--spacing--50)\">\n<div class=\"wp-block-columns alignwide is-layout-flex wp-container-core-columns-is-layout-28f84493 wp-block-columns-is-layout-flex\">\n<div class=\"wp-block-column is-layout-flow wp-block-column-is-layout-flow\" style=\"flex-basis:100%\">\n<p class=\"has-text-color\" style=\"color:#000000;font-size:clamp(15.747px, 0.984rem + ((1vw - 3.2px) * 0.86), 24px);font-style:normal;font-weight:700;text-transform:uppercase\">Derni\u00e8re \u00e9tape&nbsp;: R\u00e9ception du chantier et proc\u00e8s-verbal<\/p>\n\n\n\n<p>Lorsque le chantier est finalis\u00e9, nous nous assurons que les travaux r\u00e9alis\u00e9s par chaque entreprise soient parfaitement ex\u00e9cut\u00e9s.<br>Des r\u00e9serves peuvent \u00eatre \u00e9mises si un \u00e9l\u00e9ment doit encore \u00eatre finalis\u00e9 ou si une reprise est n\u00e9cessaire. Un d\u00e9lai est alors fix\u00e9 pour chaque r\u00e9serve. Enfin, quand celles-ci sont r\u00e9alis\u00e9es nous faisons une lev\u00e9e des r\u00e9serves. Cela permet de certifier que les travaux ont bien \u00e9t\u00e9 ex\u00e9cut\u00e9s, l\u00e0 d\u00e9bute la garantie des entreprises.<\/p>\n\n\n\n<p class=\"wp-container-content-0733e5d0\">L\u2019Atelier Labruy\u00e8re b\u00e2tit de v\u00e9ritable relation de confiance avec ses clients. Aussi, si vous aviez une question, une remarque ou un quelconque probl\u00e8me apr\u00e8s votre emm\u00e9nagement, notre \u00e9quipe sera l\u00e0 pour vous r\u00e9pondre, intervenir ou recontacter l\u2019entreprise responsable des travaux.<\/p>\n<\/div>\n<\/div>\n\n\n\n<div style=\"height:var(--wp--preset--spacing--40)\" aria-hidden=\"true\" class=\"wp-block-spacer\"><\/div>\n\n\n\n<figure class=\"wp-block-image alignwide\"><img loading=\"lazy\" decoding=\"async\" width=\"2560\" height=\"1440\" src=\"https:\/\/atelierlabruyere.com\/wp-content\/uploads\/2026\/01\/SL10_HD_08-edited-2-scaled.jpg\" alt=\"\" class=\"wp-image-2530\" srcset=\"https:\/\/atelierlabruyere.com\/wp-content\/uploads\/2026\/01\/SL10_HD_08-edited-2-scaled.jpg 2560w, https:\/\/atelierlabruyere.com\/wp-content\/uploads\/2026\/01\/SL10_HD_08-edited-2-300x169.jpg 300w, https:\/\/atelierlabruyere.com\/wp-content\/uploads\/2026\/01\/SL10_HD_08-edited-2-1024x576.jpg 1024w, https:\/\/atelierlabruyere.com\/wp-content\/uploads\/2026\/01\/SL10_HD_08-edited-2-768x432.jpg 768w, https:\/\/atelierlabruyere.com\/wp-content\/uploads\/2026\/01\/SL10_HD_08-edited-2-1536x864.jpg 1536w, https:\/\/atelierlabruyere.com\/wp-content\/uploads\/2026\/01\/SL10_HD_08-edited-2-2048x1152.jpg 2048w, https:\/\/atelierlabruyere.com\/wp-content\/uploads\/2026\/01\/SL10_HD_08-edited-2-500x281.jpg 500w, https:\/\/atelierlabruyere.com\/wp-content\/uploads\/2026\/01\/SL10_HD_08-edited-2-800x450.jpg 800w, https:\/\/atelierlabruyere.com\/wp-content\/uploads\/2026\/01\/SL10_HD_08-edited-2-1280x720.jpg 1280w, https:\/\/atelierlabruyere.com\/wp-content\/uploads\/2026\/01\/SL10_HD_08-edited-2-1920x1080.jpg 1920w\" sizes=\"(max-width: 2560px) 100vw, 2560px\" \/><\/figure>\n<\/div>\n\n\n\n<p><\/p>\n","protected":false},"excerpt":{"rendered":"<p>Voici comment se d\u00e9roulent nos prestations dans la majorit\u00e9 des cas. Bien s\u00fbr, chaque projet est d\u00e9velopp\u00e9 sur mesure avec notre client et il est parfaitement possible d\u2019ajouter ou de soustraire des prestations. Premi\u00e8re \u00e9tape&nbsp;: Rendez-vous client Cette \u00e9tape est l\u2019une si ce n\u2019est la plus importante de votre projet.Vous avez choisit l\u2019Atelier Labruy\u00e8re pour [&hellip;]<\/p>\n","protected":false},"author":1,"featured_media":0,"parent":0,"menu_order":0,"comment_status":"closed","ping_status":"closed","template":"","meta":{"_vp_format_video_url":"","_vp_image_focal_point":[],"footnotes":""},"class_list":["post-2434","page","type-page","status-publish","hentry"],"_links":{"self":[{"href":"https:\/\/atelierlabruyere.com\/index\/wp-json\/wp\/v2\/pages\/2434","targetHints":{"allow":["GET"]}}],"collection":[{"href":"https:\/\/atelierlabruyere.com\/index\/wp-json\/wp\/v2\/pages"}],"about":[{"href":"https:\/\/atelierlabruyere.com\/index\/wp-json\/wp\/v2\/types\/page"}],"author":[{"embeddable":true,"href":"https:\/\/atelierlabruyere.com\/index\/wp-json\/wp\/v2\/users\/1"}],"replies":[{"embeddable":true,"href":"https:\/\/atelierlabruyere.com\/index\/wp-json\/wp\/v2\/comments?post=2434"}],"version-history":[{"count":10,"href":"https:\/\/atelierlabruyere.com\/index\/wp-json\/wp\/v2\/pages\/2434\/revisions"}],"predecessor-version":[{"id":2531,"href":"https:\/\/atelierlabruyere.com\/index\/wp-json\/wp\/v2\/pages\/2434\/revisions\/2531"}],"wp:attachment":[{"href":"https:\/\/atelierlabruyere.com\/index\/wp-json\/wp\/v2\/media?parent=2434"}],"curies":[{"name":"wp","href":"https:\/\/api.w.org\/{rel}","templated":true}]}}