{"id":2416,"date":"2026-01-10T20:15:20","date_gmt":"2026-01-10T20:15:20","guid":{"rendered":"https:\/\/atelierlabruyere.com\/index\/?page_id=2416"},"modified":"2026-02-06T09:12:32","modified_gmt":"2026-02-06T09:12:32","slug":"lagence","status":"publish","type":"page","link":"https:\/\/atelierlabruyere.com\/index\/lagence","title":{"rendered":"L&rsquo;agence"},"content":{"rendered":"\n<div class=\"wp-block-group alignfull has-accent-background-color has-background has-global-padding is-layout-constrained wp-container-core-group-is-layout-669513ed wp-block-group-is-layout-constrained\" style=\"margin-top:0;margin-bottom:0;padding-top:var(--wp--preset--spacing--50);padding-right:var(--wp--preset--spacing--50);padding-bottom:var(--wp--preset--spacing--50);padding-left:var(--wp--preset--spacing--50)\">\n<div class=\"wp-block-columns alignwide is-layout-flex wp-container-core-columns-is-layout-1da03c2a wp-block-columns-is-layout-flex\">\n<div class=\"wp-block-column is-vertically-aligned-stretch is-layout-flow wp-block-column-is-layout-flow\" style=\"flex-basis:50%\">\n<div class=\"wp-block-group is-vertical is-content-justification-stretch is-layout-flex wp-container-core-group-is-layout-444d5ee8 wp-block-group-is-layout-flex\" style=\"min-height:100%\">\n<p class=\"has-heading-font-family has-x-large-font-size\" style=\"line-height:1.2\">ALL propose des solutions compl\u00e8tes de conseil, de gestion, de conception et de recherche. Chaque projet d\u2019architecture est une opportunit\u00e9 de fa\u00e7onner l\u2019avenir.<\/p>\n\n\n\n<div class=\"wp-block-group has-global-padding is-content-justification-left is-layout-constrained wp-container-core-group-is-layout-9fe8ed88 wp-block-group-is-layout-constrained\">\n<p><\/p>\n\n\n\n<div class=\"wp-block-buttons is-layout-flex wp-block-buttons-is-layout-flex\">\n<div class=\"wp-block-button\"><a class=\"wp-block-button__link wp-element-button\" href=\"https:\/\/atelierlabruyere.com\/index\/contact\">NOUS CONTACTER<\/a><\/div>\n<\/div>\n<\/div>\n<\/div>\n<\/div>\n\n\n\n<div class=\"wp-block-column is-vertically-aligned-center is-layout-flow wp-block-column-is-layout-flow\" style=\"flex-basis:50%\">\n<figure class=\"wp-block-image size-large is-style-default wp-duotone-duotone-5\"><img fetchpriority=\"high\" decoding=\"async\" width=\"683\" height=\"1024\" src=\"https:\/\/atelierlabruyere.com\/wp-content\/uploads\/2026\/01\/IMG_6007-683x1024.jpeg\" alt=\"\" class=\"wp-image-2431\" style=\"aspect-ratio:3\/4;object-fit:cover\" srcset=\"https:\/\/atelierlabruyere.com\/wp-content\/uploads\/2026\/01\/IMG_6007-683x1024.jpeg 683w, https:\/\/atelierlabruyere.com\/wp-content\/uploads\/2026\/01\/IMG_6007-200x300.jpeg 200w, https:\/\/atelierlabruyere.com\/wp-content\/uploads\/2026\/01\/IMG_6007-768x1152.jpeg 768w, https:\/\/atelierlabruyere.com\/wp-content\/uploads\/2026\/01\/IMG_6007-1024x1536.jpeg 1024w, https:\/\/atelierlabruyere.com\/wp-content\/uploads\/2026\/01\/IMG_6007-1365x2048.jpeg 1365w, https:\/\/atelierlabruyere.com\/wp-content\/uploads\/2026\/01\/IMG_6007-500x750.jpeg 500w, https:\/\/atelierlabruyere.com\/wp-content\/uploads\/2026\/01\/IMG_6007-800x1200.jpeg 800w, https:\/\/atelierlabruyere.com\/wp-content\/uploads\/2026\/01\/IMG_6007-1280x1920.jpeg 1280w, https:\/\/atelierlabruyere.com\/wp-content\/uploads\/2026\/01\/IMG_6007-1920x2880.jpeg 1920w, https:\/\/atelierlabruyere.com\/wp-content\/uploads\/2026\/01\/IMG_6007-scaled.jpeg 1707w\" sizes=\"(max-width: 683px) 100vw, 683px\" \/><\/figure>\n<\/div>\n<\/div>\n<\/div>\n\n\n\n<div class=\"wp-block-group alignfull has-base-background-color has-background has-global-padding is-layout-constrained wp-container-core-group-is-layout-d89aad35 wp-block-group-is-layout-constrained\" style=\"margin-top:0;margin-bottom:0;padding-top:var(--wp--preset--spacing--50);padding-right:var(--wp--preset--spacing--50);padding-bottom:var(--wp--preset--spacing--50);padding-left:var(--wp--preset--spacing--50)\">\n<div class=\"wp-block-columns alignwide is-layout-flex wp-container-core-columns-is-layout-549b0c86 wp-block-columns-is-layout-flex\">\n<div class=\"wp-block-column has-global-padding is-content-justification-left is-layout-constrained wp-container-core-column-is-layout-4f15e8fe wp-block-column-is-layout-constrained\" style=\"flex-basis:40%\">\n<p><\/p>\n<\/div>\n\n\n\n<div class=\"wp-block-column is-layout-flow wp-container-core-column-is-layout-119bc444 wp-block-column-is-layout-flow\" style=\"flex-basis:60%\">\n<p class=\"has-heading-font-family has-x-large-font-size\" style=\"line-height:1.2\">Durant ces trente derni\u00e8res ann\u00e9es, l\u2018Atelier a r\u00e9alis\u00e9 plus de deux-cent projets \u00e0 travers la France.<\/p>\n\n\n\n<div class=\"wp-block-columns is-layout-flex wp-container-core-columns-is-layout-87beb0d0 wp-block-columns-is-layout-flex\">\n<div class=\"wp-block-column is-layout-flow wp-block-column-is-layout-flow\">\n<p class=\"wp-container-content-9cfa9a5a\">De Paris \u00e0 Saint Tropez, en passant par Meg\u00e8ve, Le Touquet, Deauville ou encore Biarritz, St\u00e9phane et son \u00e9quipe se sont vus confier des h\u00f4tels particuliers, villas, duplex et (de mani\u00e8re exceptionnelle) des locaux commerciaux par une client\u00e8le exigeante aspirant \u00e0 des lieux de vie de caract\u00e8re.<\/p>\n<\/div>\n\n\n\n<div class=\"wp-block-column is-layout-flow wp-block-column-is-layout-flow\">\n<p>Passionn\u00e9 par l\u2019architecture et ce qui la compose, St\u00e9phane travaille chaque projet avec une approche multiple qui s\u2019articule autour des volumes, de la circulation, des insertions et des perspectives. Enfin, pour r\u00e9v\u00e9ler au mieux les espaces de vos lieux de vie, l\u2019Atelier d\u00e9veloppera un projet d\u00e9coratif reflet de votre personnalit\u00e9.<br>Concevoir le bien unique qui vous ressemble sont les ma\u00eetres mots de l\u2019Atelier.<\/p>\n<\/div>\n<\/div>\n<\/div>\n<\/div>\n<\/div>\n\n\n\n<div class=\"wp-block-group alignfull has-accent-5-background-color has-background has-global-padding is-layout-constrained wp-container-core-group-is-layout-d89aad35 wp-block-group-is-layout-constrained\" style=\"margin-top:0;margin-bottom:0;padding-top:var(--wp--preset--spacing--50);padding-right:var(--wp--preset--spacing--50);padding-bottom:var(--wp--preset--spacing--50);padding-left:var(--wp--preset--spacing--50)\">\n<div class=\"wp-block-columns alignwide is-layout-flex wp-container-core-columns-is-layout-1da03c2a wp-block-columns-is-layout-flex\">\n<div class=\"wp-block-column is-vertically-aligned-center is-layout-flow wp-block-column-is-layout-flow\" style=\"flex-basis:60%\">\n<figure class=\"wp-block-image size-full is-style-default wp-duotone-duotone-1\"><img decoding=\"async\" width=\"1913\" height=\"2560\" src=\"https:\/\/atelierlabruyere.com\/wp-content\/uploads\/2018\/06\/c2ded-home-e1694165636105-scaled.jpg\" alt=\"\" class=\"wp-image-1015\" style=\"aspect-ratio:4\/3;object-fit:cover\" srcset=\"https:\/\/atelierlabruyere.com\/wp-content\/uploads\/2018\/06\/c2ded-home-e1694165636105-scaled.jpg 1913w, https:\/\/atelierlabruyere.com\/wp-content\/uploads\/2018\/06\/c2ded-home-e1694165636105-224x300.jpg 224w, https:\/\/atelierlabruyere.com\/wp-content\/uploads\/2018\/06\/c2ded-home-e1694165636105-765x1024.jpg 765w, https:\/\/atelierlabruyere.com\/wp-content\/uploads\/2018\/06\/c2ded-home-e1694165636105-768x1028.jpg 768w, https:\/\/atelierlabruyere.com\/wp-content\/uploads\/2018\/06\/c2ded-home-e1694165636105-1148x1536.jpg 1148w, https:\/\/atelierlabruyere.com\/wp-content\/uploads\/2018\/06\/c2ded-home-e1694165636105-1530x2048.jpg 1530w\" sizes=\"(max-width: 1913px) 100vw, 1913px\" \/><\/figure>\n<\/div>\n\n\n\n<div class=\"wp-block-column is-layout-flow wp-block-column-is-layout-flow\" style=\"flex-basis:40%\">\n<h2 class=\"wp-block-heading\">VOTRE PROJET<\/h2>\n\n\n\n<p>Sur chaque dossier, notre \u00e9quipe mettra tout en \u0153uvre pour vous emmener du projet jusqu\u2019\u00e0 l\u2019ach\u00e8vement complet des travaux, travaillant avec vous sur l\u2019\u00e9laboration de votre cahier des charges et son bon respect.<br>Afin de vous permettre de vous projeter au mieux dans vos futurs espaces, l\u2019Atelier, au fur et mesure de la construction de votre dossier, vous pr\u00e9sentera dans un premier temps l\u2019avant projet, puis des visuels 3D et enfin le projet d\u00e9finitif ainsi que les dossiers descriptifs.<br>Le projet se construit en \u00e9troite collaboration avec vous et notre \u00e9quipe. Toutes les \u00e9tapes seront valid\u00e9es par vos soins d\u00e8s que vous serez pleinement satisfait de la r\u00e9alisation projet\u00e9e.<\/p>\n\n\n\n<div class=\"wp-block-buttons is-layout-flex wp-block-buttons-is-layout-flex\">\n<div class=\"wp-block-button\"><a class=\"wp-block-button__link wp-element-button\" href=\"https:\/\/atelierlabruyere.com\/index\/nos-prestations\">NOS PRESTATIONS<\/a><\/div>\n<\/div>\n<\/div>\n<\/div>\n<\/div>\n\n\n\n<div class=\"wp-block-group alignfull has-global-padding is-layout-constrained wp-container-core-group-is-layout-669513ed wp-block-group-is-layout-constrained\" style=\"margin-top:0;margin-bottom:0;padding-top:var(--wp--preset--spacing--50);padding-right:var(--wp--preset--spacing--50);padding-bottom:var(--wp--preset--spacing--50);padding-left:var(--wp--preset--spacing--50)\">\n<div class=\"wp-block-group is-vertical is-content-justification-center is-layout-flex wp-container-core-group-is-layout-ce155fab wp-block-group-is-layout-flex\">\n<h2 class=\"wp-block-heading has-text-align-center has-xx-large-font-size\">Rencontrer notre \u00e9quipe<\/h2>\n\n\n\n<p class=\"has-text-align-center\">Notre gamme compl\u00e8te de professionnels s\u2019adresse \u00e0 une \u00e9quipe diversifi\u00e9e, allant d\u2019architectes chevronn\u00e9s \u00e0 des ing\u00e9nieurs de renom.<\/p>\n<\/div>\n\n\n\n<div style=\"height:var(--wp--preset--spacing--30)\" aria-hidden=\"true\" class=\"wp-block-spacer\"><\/div>\n\n\n\n<div class=\"wp-block-columns alignwide is-layout-flex wp-container-core-columns-is-layout-4935966c wp-block-columns-is-layout-flex\" style=\"padding-right:0;padding-left:0\">\n<div class=\"wp-block-column is-layout-flow wp-block-column-is-layout-flow\">\n<figure class=\"wp-block-image size-full is-style-rounded is-style-rounded--1\"><a href=\"https:\/\/atelierlabruyere.com\/index\/stephane-labruyere\"><img decoding=\"async\" width=\"537\" height=\"537\" src=\"https:\/\/atelierlabruyere.com\/wp-content\/uploads\/2026\/01\/IMG_9075-e1768123614952.jpg\" alt=\"\" class=\"wp-image-2454\" style=\"aspect-ratio:1;object-fit:cover\" srcset=\"https:\/\/atelierlabruyere.com\/wp-content\/uploads\/2026\/01\/IMG_9075-e1768123614952.jpg 537w, https:\/\/atelierlabruyere.com\/wp-content\/uploads\/2026\/01\/IMG_9075-e1768123614952-300x300.jpg 300w, https:\/\/atelierlabruyere.com\/wp-content\/uploads\/2026\/01\/IMG_9075-e1768123614952-150x150.jpg 150w, https:\/\/atelierlabruyere.com\/wp-content\/uploads\/2026\/01\/IMG_9075-e1768123614952-500x500.jpg 500w, https:\/\/atelierlabruyere.com\/wp-content\/uploads\/2026\/01\/IMG_9075-e1768123614952-400x400.jpg 400w\" sizes=\"(max-width: 537px) 100vw, 537px\" \/><\/a><\/figure>\n\n\n\n<div class=\"wp-block-group is-vertical is-content-justification-center is-nowrap is-layout-flex wp-container-core-group-is-layout-21d4e958 wp-block-group-is-layout-flex\">\n<p class=\"has-text-align-center has-small-font-size\"><strong>STEPHANE LABRUYERE<\/strong><\/p>\n\n\n\n<p class=\"has-text-align-center has-small-font-size\">Fondateur, CEO et architecte<\/p>\n\n\n\n<p><a href=\"mailto:axel@atelierlabruyere.fr\">stephane@atelierlabruyere.fr<\/a><\/p>\n<\/div>\n<\/div>\n\n\n\n<div class=\"wp-block-column is-layout-flow wp-block-column-is-layout-flow\">\n<figure class=\"wp-block-image size-full is-style-rounded wp-duotone-unset-3 is-style-rounded--2\"><img loading=\"lazy\" decoding=\"async\" width=\"459\" height=\"459\" src=\"https:\/\/atelierlabruyere.com\/wp-content\/uploads\/2026\/01\/1eeb5-axel-1-edited.jpg\" alt=\"\" class=\"wp-image-2456\" style=\"aspect-ratio:1;object-fit:cover\" srcset=\"https:\/\/atelierlabruyere.com\/wp-content\/uploads\/2026\/01\/1eeb5-axel-1-edited.jpg 459w, https:\/\/atelierlabruyere.com\/wp-content\/uploads\/2026\/01\/1eeb5-axel-1-edited-300x300.jpg 300w, https:\/\/atelierlabruyere.com\/wp-content\/uploads\/2026\/01\/1eeb5-axel-1-edited-150x150.jpg 150w\" sizes=\"(max-width: 459px) 100vw, 459px\" \/><\/figure>\n\n\n\n<div class=\"wp-block-group is-vertical is-content-justification-center is-nowrap is-layout-flex wp-container-core-group-is-layout-63bfd6c1 wp-block-group-is-layout-flex\">\n<p class=\"has-text-align-center has-small-font-size\"><strong>AXEL BENARD<\/strong><\/p>\n\n\n\n<p class=\"has-text-align-center has-small-font-size\">Architecte HMNOP s\u00e9nior<\/p>\n\n\n\n<p><a href=\"mailto:axel@atelierlabruyere.fr\">axel@atelierlabruyere.fr<\/a><\/p>\n<\/div>\n<\/div>\n\n\n\n<div class=\"wp-block-column is-layout-flow wp-block-column-is-layout-flow\">\n<figure class=\"wp-block-image size-full is-style-rounded wp-duotone-unset-5 is-style-rounded--4\"><img loading=\"lazy\" decoding=\"async\" width=\"428\" height=\"428\" src=\"https:\/\/atelierlabruyere.com\/wp-content\/uploads\/2026\/01\/aae8c-bureaux_01-scaled-1-1-edited.jpg\" alt=\"\" class=\"wp-image-2457\" style=\"aspect-ratio:1;object-fit:cover\" srcset=\"https:\/\/atelierlabruyere.com\/wp-content\/uploads\/2026\/01\/aae8c-bureaux_01-scaled-1-1-edited.jpg 428w, https:\/\/atelierlabruyere.com\/wp-content\/uploads\/2026\/01\/aae8c-bureaux_01-scaled-1-1-edited-300x300.jpg 300w, https:\/\/atelierlabruyere.com\/wp-content\/uploads\/2026\/01\/aae8c-bureaux_01-scaled-1-1-edited-150x150.jpg 150w\" sizes=\"(max-width: 428px) 100vw, 428px\" \/><\/figure>\n\n\n\n<div class=\"wp-block-group is-vertical is-content-justification-center is-nowrap is-layout-flex wp-container-core-group-is-layout-63bfd6c1 wp-block-group-is-layout-flex\">\n<p class=\"has-text-align-center has-small-font-size\"><strong>EVE BOURGEOIS<\/strong><\/p>\n\n\n\n<p class=\"has-text-align-center has-small-font-size\">Architecte d&rsquo;int\u00e9rieur junior<\/p>\n\n\n\n<p><a href=\"mailto:eve@atelierlabruyere.fr\">eve@atelierlabruyere.fr<\/a><\/p>\n<\/div>\n<\/div>\n\n\n\n<div class=\"wp-block-column is-layout-flow wp-block-column-is-layout-flow\">\n<figure class=\"wp-block-image size-full is-style-rounded wp-duotone-unset-7 is-style-rounded--6\"><img loading=\"lazy\" decoding=\"async\" width=\"465\" height=\"465\" src=\"https:\/\/atelierlabruyere.com\/wp-content\/uploads\/2026\/01\/b4248-bureaux_05-scaled-1-1-edited.jpg\" alt=\"\" class=\"wp-image-2458\" style=\"aspect-ratio:1;object-fit:cover\" srcset=\"https:\/\/atelierlabruyere.com\/wp-content\/uploads\/2026\/01\/b4248-bureaux_05-scaled-1-1-edited.jpg 465w, https:\/\/atelierlabruyere.com\/wp-content\/uploads\/2026\/01\/b4248-bureaux_05-scaled-1-1-edited-300x300.jpg 300w, https:\/\/atelierlabruyere.com\/wp-content\/uploads\/2026\/01\/b4248-bureaux_05-scaled-1-1-edited-150x150.jpg 150w\" sizes=\"(max-width: 465px) 100vw, 465px\" \/><\/figure>\n\n\n\n<div class=\"wp-block-group is-vertical is-content-justification-center is-nowrap is-layout-flex wp-container-core-group-is-layout-21d4e958 wp-block-group-is-layout-flex\">\n<p class=\"has-text-align-center has-small-font-size\"><strong>RAPHAEL LABRUYERE<\/strong><\/p>\n\n\n\n<p class=\"has-text-align-center has-small-font-size\">Conducteur de chantier<\/p>\n\n\n\n<p><a href=\"mailto:raphael@atelierlabruyere.fr\">raphael@atelierlabruyere.fr<\/a><\/p>\n<\/div>\n<\/div>\n<\/div>\n\n\n\n<div class=\"wp-block-columns alignwide is-layout-flex wp-container-core-columns-is-layout-4935966c wp-block-columns-is-layout-flex\" style=\"padding-right:0;padding-left:0\">\n<div class=\"wp-block-column is-layout-flow wp-block-column-is-layout-flow\">\n<figure class=\"wp-block-image size-full is-style-rounded is-style-rounded--8\"><img loading=\"lazy\" decoding=\"async\" width=\"467\" height=\"467\" src=\"https:\/\/atelierlabruyere.com\/wp-content\/uploads\/2026\/01\/493d5-manon-1-edited.jpg\" alt=\"\" class=\"wp-image-2459\" style=\"aspect-ratio:1;object-fit:cover\" srcset=\"https:\/\/atelierlabruyere.com\/wp-content\/uploads\/2026\/01\/493d5-manon-1-edited.jpg 467w, https:\/\/atelierlabruyere.com\/wp-content\/uploads\/2026\/01\/493d5-manon-1-edited-300x300.jpg 300w, https:\/\/atelierlabruyere.com\/wp-content\/uploads\/2026\/01\/493d5-manon-1-edited-150x150.jpg 150w\" sizes=\"(max-width: 467px) 100vw, 467px\" \/><\/figure>\n\n\n\n<div class=\"wp-block-group is-vertical is-content-justification-center is-nowrap is-layout-flex wp-container-core-group-is-layout-21d4e958 wp-block-group-is-layout-flex\">\n<p class=\"has-text-align-center has-small-font-size\"><strong>MANON BARON VERMEIL<\/strong><\/p>\n\n\n\n<p class=\"has-text-align-center has-small-font-size\">Architecte d&rsquo;int\u00e9rieur<\/p>\n\n\n\n<p><a href=\"mailto:manon@atelierlabruyere.fr\">manon@atelierlabruyere.fr<\/a><\/p>\n<\/div>\n<\/div>\n\n\n\n<div class=\"wp-block-column is-layout-flow wp-block-column-is-layout-flow\">\n<figure class=\"wp-block-image size-full is-style-rounded wp-duotone-unset-10 is-style-rounded--9\"><img loading=\"lazy\" decoding=\"async\" width=\"624\" height=\"624\" src=\"https:\/\/atelierlabruyere.com\/wp-content\/uploads\/2026\/01\/f768e-bureaux_03-1-edited.jpg\" alt=\"\" class=\"wp-image-2460\" style=\"aspect-ratio:1;object-fit:cover\" srcset=\"https:\/\/atelierlabruyere.com\/wp-content\/uploads\/2026\/01\/f768e-bureaux_03-1-edited.jpg 624w, https:\/\/atelierlabruyere.com\/wp-content\/uploads\/2026\/01\/f768e-bureaux_03-1-edited-300x300.jpg 300w, https:\/\/atelierlabruyere.com\/wp-content\/uploads\/2026\/01\/f768e-bureaux_03-1-edited-150x150.jpg 150w, https:\/\/atelierlabruyere.com\/wp-content\/uploads\/2026\/01\/f768e-bureaux_03-1-edited-500x500.jpg 500w\" sizes=\"(max-width: 624px) 100vw, 624px\" \/><\/figure>\n\n\n\n<div class=\"wp-block-group is-vertical is-content-justification-center is-nowrap is-layout-flex wp-container-core-group-is-layout-63bfd6c1 wp-block-group-is-layout-flex\">\n<p class=\"has-text-align-center has-small-font-size\"><strong>IRIS BELLEFONTAINE<\/strong><\/p>\n\n\n\n<p class=\"has-text-align-center has-small-font-size\">Architecte DE<\/p>\n\n\n\n<p><a href=\"mailto:iris@atelierlabruyere.fr\">iris@atelierlabruyere.fr<\/a><\/p>\n<\/div>\n<\/div>\n\n\n\n<div class=\"wp-block-column is-layout-flow wp-block-column-is-layout-flow\">\n<figure class=\"wp-block-image size-full is-style-rounded wp-duotone-unset-12 is-style-rounded--11\"><img loading=\"lazy\" decoding=\"async\" width=\"878\" height=\"878\" src=\"https:\/\/atelierlabruyere.com\/wp-content\/uploads\/2026\/02\/IMG_9837-edited-1.jpeg\" alt=\"\" class=\"wp-image-2539\" style=\"aspect-ratio:1;object-fit:cover\" srcset=\"https:\/\/atelierlabruyere.com\/wp-content\/uploads\/2026\/02\/IMG_9837-edited-1.jpeg 878w, https:\/\/atelierlabruyere.com\/wp-content\/uploads\/2026\/02\/IMG_9837-edited-1-300x300.jpeg 300w, https:\/\/atelierlabruyere.com\/wp-content\/uploads\/2026\/02\/IMG_9837-edited-1-150x150.jpeg 150w, https:\/\/atelierlabruyere.com\/wp-content\/uploads\/2026\/02\/IMG_9837-edited-1-768x768.jpeg 768w, https:\/\/atelierlabruyere.com\/wp-content\/uploads\/2026\/02\/IMG_9837-edited-1-500x500.jpeg 500w, https:\/\/atelierlabruyere.com\/wp-content\/uploads\/2026\/02\/IMG_9837-edited-1-800x800.jpeg 800w\" sizes=\"(max-width: 878px) 100vw, 878px\" \/><\/figure>\n\n\n\n<div class=\"wp-block-group is-vertical is-content-justification-center is-nowrap is-layout-flex wp-container-core-group-is-layout-63bfd6c1 wp-block-group-is-layout-flex\">\n<p class=\"has-text-align-center has-small-font-size\"><strong>NATHA\u00cbL-KEN HASSAN<\/strong><\/p>\n\n\n\n<p class=\"has-text-align-center has-small-font-size\">Architecte HMNOP junior<\/p>\n<\/div>\n<\/div>\n\n\n\n<div class=\"wp-block-column is-layout-flow wp-block-column-is-layout-flow\">\n<figure class=\"wp-block-image size-full is-style-rounded wp-duotone-unset-14 is-style-rounded--13\"><img loading=\"lazy\" decoding=\"async\" width=\"504\" height=\"504\" src=\"https:\/\/atelierlabruyere.com\/wp-content\/uploads\/2026\/01\/a2d6c-valerie-1-edited.jpg\" alt=\"\" class=\"wp-image-2461\" style=\"aspect-ratio:1;object-fit:cover\" srcset=\"https:\/\/atelierlabruyere.com\/wp-content\/uploads\/2026\/01\/a2d6c-valerie-1-edited.jpg 504w, https:\/\/atelierlabruyere.com\/wp-content\/uploads\/2026\/01\/a2d6c-valerie-1-edited-300x300.jpg 300w, https:\/\/atelierlabruyere.com\/wp-content\/uploads\/2026\/01\/a2d6c-valerie-1-edited-150x150.jpg 150w, https:\/\/atelierlabruyere.com\/wp-content\/uploads\/2026\/01\/a2d6c-valerie-1-edited-500x500.jpg 500w\" sizes=\"(max-width: 504px) 100vw, 504px\" \/><\/figure>\n\n\n\n<div class=\"wp-block-group is-vertical is-content-justification-center is-nowrap is-layout-flex wp-container-core-group-is-layout-21d4e958 wp-block-group-is-layout-flex\">\n<p class=\"has-text-align-center has-small-font-size\"><strong>VALERIE LEGRAND <\/strong><\/p>\n\n\n\n<p class=\"has-text-align-center has-small-font-size\">Comptable<\/p>\n\n\n\n<p><a href=\"mailto:valerie@atelierlabruyere.fr\">valerie@atelierlabruyere.fr<\/a><\/p>\n<\/div>\n<\/div>\n<\/div>\n<\/div>\n\n\n\n<div class=\"wp-block-group alignfull has-base-color has-contrast-background-color has-text-color has-background has-link-color wp-elements-dd9e0c6c41be7dff8ab02fd1bfaf17a2 has-global-padding is-layout-constrained wp-container-core-group-is-layout-d89aad35 wp-block-group-is-layout-constrained\" style=\"margin-top:0;margin-bottom:0;padding-top:var(--wp--preset--spacing--50);padding-right:var(--wp--preset--spacing--50);padding-bottom:var(--wp--preset--spacing--50);padding-left:var(--wp--preset--spacing--50)\">\n<h2 class=\"wp-block-heading alignwide has-base-color has-text-color has-link-color wp-elements-3deab97d89ad8aed70da6f7f20e5f87f\" style=\"font-size:clamp(3.8rem, 3.8rem + ((1vw - 0.2rem) * 7), 8rem);letter-spacing:-0.02em\">FAQ<\/h2>\n\n\n\n<div class=\"wp-block-group alignwide is-layout-flow wp-block-group-is-layout-flow\">\n<hr class=\"wp-block-separator has-text-color has-base-color has-alpha-channel-opacity has-base-background-color has-background is-style-wide\" style=\"margin-top:var(--wp--preset--spacing--30);margin-bottom:var(--wp--preset--spacing--30)\"\/>\n\n\n\n<h3 class=\"wp-block-heading alignwide has-base-2-color has-text-color has-link-color wp-elements-5cf582df95be705b7c39233ca97209e3\">Nos collaborateurs<\/h3>\n\n\n\n<p class=\"has-contrast-1-color has-text-color has-link-color wp-elements-2755fc6224c4bfd10cb39af9a11c22b7\">L\u2019Atelier s\u2019est entour\u00e9, au fil de son exp\u00e9rience, des meilleurs artisans sp\u00e9cialis\u00e9s dans chaque corps de m\u00e9tier (ferronnier, agenceur menuisier, tapissi\u00e8re, paysagiste, marbrier\u2026) r\u00e9alisant un travail de qualit\u00e9 et de go\u00fbt, au prix juste. Pour vous assurer une parfaite r\u00e9alisation du cahier des charges \u00e9tablit, l\u2019Atelier effectuera le lien avec l\u2019\u00e9quipe de maitrise d\u2019\u0153uvre dont elle g\u00e8rera les actions sur le chantier.<\/p>\n\n\n\n<hr class=\"wp-block-separator has-text-color has-base-color has-alpha-channel-opacity has-base-background-color has-background is-style-wide\" style=\"margin-top:var(--wp--preset--spacing--30);margin-bottom:var(--wp--preset--spacing--30)\"\/>\n\n\n\n<h3 class=\"wp-block-heading alignwide has-base-2-color has-text-color has-link-color wp-elements-f075b878af81978110c1dd421efa06e8\">Qui est St\u00e9phane ?<\/h3>\n\n\n\n<p class=\"has-contrast-1-color has-text-color has-link-color wp-elements-982233acd1167cef140f8d94568bd86b\">Dipl\u00f4m\u00e9 de l\u2019\u00e9cole sup\u00e9rieure des arts modernes \u00e0 Paris en 1988, St\u00e9phane Labruy\u00e8re travaille dans un premier temps pour un showroom de design et mobilier contemporain puis dans un atelier d\u2019architecture et de d\u00e9coration parisien. <\/p>\n\n\n\n<div class=\"wp-block-buttons is-layout-flex wp-block-buttons-is-layout-flex\">\n<div class=\"wp-block-button is-style-fill\"><a class=\"wp-block-button__link wp-element-button\" href=\"https:\/\/atelierlabruyere.com\/index\/stephane-labruyere\">EN SAVOIR PLUS<\/a><\/div>\n<\/div>\n\n\n\n<hr class=\"wp-block-separator has-text-color has-base-color has-alpha-channel-opacity has-base-background-color has-background is-style-wide\" style=\"margin-top:var(--wp--preset--spacing--30);margin-bottom:var(--wp--preset--spacing--30)\"\/>\n\n\n\n<h3 class=\"wp-block-heading alignwide has-base-2-color has-text-color has-link-color wp-elements-7f350aabb6f299575d44d7cdffd15a70\">Nous rejoindre<\/h3>\n\n\n\n<p class=\"has-contrast-1-color has-text-color has-link-color wp-elements-79e15bb5ef548eaf06bc4377b0be5144\">Atelier Labruy\u00e8re est toujours attentif aux talents sensibles \u00e0 l\u2019architecture sur mesure. Envoyez-nous votre candidature par email.<\/p>\n\n\n\n<div class=\"wp-block-buttons is-layout-flex wp-block-buttons-is-layout-flex\">\n<div class=\"wp-block-button\"><a class=\"wp-block-button__link wp-element-button\" href=\"https:\/\/atelierlabruyere.com\/index\/contact\">CONTACT<\/a><\/div>\n<\/div>\n\n\n\n<div style=\"margin-top:var(--wp--preset--spacing--10);margin-bottom:0;height:var(--wp--preset--spacing--10)\" aria-hidden=\"true\" class=\"wp-block-spacer\"><\/div>\n<\/div>\n<\/div>\n\n\n\n<p><\/p>\n","protected":false},"excerpt":{"rendered":"<p>ALL propose des solutions compl\u00e8tes de conseil, de gestion, de conception et de recherche. Chaque projet d\u2019architecture est une opportunit\u00e9 de fa\u00e7onner l\u2019avenir. Durant ces trente derni\u00e8res ann\u00e9es, l\u2018Atelier a r\u00e9alis\u00e9 plus de deux-cent projets \u00e0 travers la France. De Paris \u00e0 Saint Tropez, en passant par Meg\u00e8ve, Le Touquet, Deauville ou encore Biarritz, St\u00e9phane [&hellip;]<\/p>\n","protected":false},"author":1,"featured_media":0,"parent":0,"menu_order":0,"comment_status":"closed","ping_status":"closed","template":"","meta":{"_vp_format_video_url":"","_vp_image_focal_point":[],"footnotes":""},"class_list":["post-2416","page","type-page","status-publish","hentry"],"_links":{"self":[{"href":"https:\/\/atelierlabruyere.com\/index\/wp-json\/wp\/v2\/pages\/2416","targetHints":{"allow":["GET"]}}],"collection":[{"href":"https:\/\/atelierlabruyere.com\/index\/wp-json\/wp\/v2\/pages"}],"about":[{"href":"https:\/\/atelierlabruyere.com\/index\/wp-json\/wp\/v2\/types\/page"}],"author":[{"embeddable":true,"href":"https:\/\/atelierlabruyere.com\/index\/wp-json\/wp\/v2\/users\/1"}],"replies":[{"embeddable":true,"href":"https:\/\/atelierlabruyere.com\/index\/wp-json\/wp\/v2\/comments?post=2416"}],"version-history":[{"count":14,"href":"https:\/\/atelierlabruyere.com\/index\/wp-json\/wp\/v2\/pages\/2416\/revisions"}],"predecessor-version":[{"id":2540,"href":"https:\/\/atelierlabruyere.com\/index\/wp-json\/wp\/v2\/pages\/2416\/revisions\/2540"}],"wp:attachment":[{"href":"https:\/\/atelierlabruyere.com\/index\/wp-json\/wp\/v2\/media?parent=2416"}],"curies":[{"name":"wp","href":"https:\/\/api.w.org\/{rel}","templated":true}]}}